{"id":87,"date":"2020-09-20T17:51:40","date_gmt":"2020-09-20T15:51:40","guid":{"rendered":"http:\/\/basztowa.rybnik.pl\/?page_id=87"},"modified":"2026-05-08T10:55:40","modified_gmt":"2026-05-08T08:55:40","slug":"karta-menu","status":"publish","type":"page","link":"https:\/\/basztowa.rybnik.pl\/index.php\/karta-menu\/","title":{"rendered":"Karta Da\u0144"},"content":{"rendered":"\n<figure class=\"wp-block-image size-large\"><img loading=\"lazy\" decoding=\"async\" width=\"725\" height=\"1024\" src=\"http:\/\/basztowa.rybnik.pl\/wp-content\/uploads\/2026\/05\/D217FE1F-79BD-432F-81CB-8BF2865B9F99-725x1024.png\" alt=\"\" class=\"wp-image-2303\" srcset=\"https:\/\/basztowa.rybnik.pl\/wp-content\/uploads\/2026\/05\/D217FE1F-79BD-432F-81CB-8BF2865B9F99-725x1024.png 725w, https:\/\/basztowa.rybnik.pl\/wp-content\/uploads\/2026\/05\/D217FE1F-79BD-432F-81CB-8BF2865B9F99-212x300.png 212w, https:\/\/basztowa.rybnik.pl\/wp-content\/uploads\/2026\/05\/D217FE1F-79BD-432F-81CB-8BF2865B9F99-768x1085.png 768w, https:\/\/basztowa.rybnik.pl\/wp-content\/uploads\/2026\/05\/D217FE1F-79BD-432F-81CB-8BF2865B9F99.png 1055w\" sizes=\"auto, (max-width: 725px) 100vw, 725px\" \/><\/figure>\n\n\n\n<figure class=\"wp-block-image\"><img loading=\"lazy\" decoding=\"async\" width=\"724\" height=\"1024\" src=\"https:\/\/basztowa.rybnik.pl\/wp-content\/uploads\/2025\/02\/espresso-americano-cafe-latte-latte-macchiato-cappuccino4-724x1024.jpg\" alt=\"\" class=\"wp-image-2251\" srcset=\"https:\/\/basztowa.rybnik.pl\/wp-content\/uploads\/2025\/02\/espresso-americano-cafe-latte-latte-macchiato-cappuccino4-724x1024.jpg 724w, https:\/\/basztowa.rybnik.pl\/wp-content\/uploads\/2025\/02\/espresso-americano-cafe-latte-latte-macchiato-cappuccino4-212x300.jpg 212w, https:\/\/basztowa.rybnik.pl\/wp-content\/uploads\/2025\/02\/espresso-americano-cafe-latte-latte-macchiato-cappuccino4-768x1086.jpg 768w, https:\/\/basztowa.rybnik.pl\/wp-content\/uploads\/2025\/02\/espresso-americano-cafe-latte-latte-macchiato-cappuccino4.jpg 1414w\" sizes=\"auto, (max-width: 724px) 100vw, 724px\" \/><\/figure>\n\n\n\n<figure class=\"wp-block-table\"><table><tbody><tr><td><strong>ZAK\u0104SKI<\/strong><\/td><td><\/td><\/tr><tr><td>\u015aled\u017a w \u015bmietanie<\/td><td>18 z\u0142<\/td><\/tr><tr><td>\u015aled\u017a w oleju<\/td><td>18 z\u0142 <\/td><\/tr><tr><td>Patera zak\u0105skowa:<br>sery, pieczenie, pasztet, w\u0119dliny, dodatki jarzynowe<\/td><td>42 z\u0142 <\/td><\/tr><tr><td>Carpaccio z \u0142ososia <\/td><td>30 z\u0142<\/td><\/tr><tr><td>Befsztyk tatarski z dodatkami<\/td><td>30 z\u0142<\/td><\/tr><tr><td>\u015aliwka w boczku w sosie musztardowo-miodowym<\/td><td>20 z\u0142<\/td><\/tr><tr><td>Sandacz na miksie z sa\u0142at z sosem cytrynowym<\/td><td>30 z\u0142<\/td><\/tr><\/tbody><\/table><\/figure>\n\n\n\n<figure class=\"wp-block-table\"><table><tbody><tr><td><br><strong>ZUPY<\/strong><\/td><td><\/td><\/tr><tr><td>Ros\u00f3\u0142 z makaronem<\/td><td>11 z\u0142<\/td><\/tr><tr><td>Pomidorowa z makaronem<\/td><td>11 z\u0142<\/td><\/tr><tr><td>Cebulowa z grzankami i serem<\/td><td>16 z\u0142<\/td><\/tr><tr><td>Krem z grzyb\u00f3w le\u015bnych<\/td><td>18 z\u0142<\/td><\/tr><tr><td><br><\/td><td><br><\/td><\/tr><tr><td>Barszcz czerwony z krokietem<\/td><td>18 z\u0142<\/td><\/tr><tr><td><br><\/td><td><br><\/td><\/tr><tr><td><br><\/td><td><br><\/td><\/tr><\/tbody><\/table><\/figure>\n\n\n\n<figure class=\"wp-block-table\"><table><tbody><tr><td><br><strong>ZESTAWY OBIADOWE &#8211;  <\/strong><br><br><\/td><td><\/td><\/tr><tr><td>Rolada wieprzowa, kluski, czerwona kapusta<\/td><td>42z\u0142<\/td><\/tr><tr><td>Rolada wo\u0142owa, kluski, czerwona kapusta<\/td><td>47 z\u0142<\/td><\/tr><tr><td>Kotlet schabowy lub drobiowy frytki, zestaw sur\u00f3wek<\/td><td>34 z\u0142<\/td><\/tr><tr><td><br><\/td><td><br><\/td><\/tr><tr><td>Kotlet devolay , frytki, zestaw sur\u00f3wek<\/td><td>38 z\u0142<\/td><\/tr><tr><td>Kurczak na ostro  w sosie s\u0142odko-kwa\u015bnym z makaronem ry\u017cowym<\/td><td>37 z\u0142<\/td><\/tr><tr><td>Pol\u0119dwiczki w sosie grzybowym, ziemniaki pieczone, mix sa\u0142at<\/td><td>49 z\u0142<\/td><\/tr><tr><td>Zestaw dzieci\u0119cy nuggetsy, frytki lub kluski, zestaw sur\u00f3wek<\/td><td>28 z\u0142<\/td><\/tr><tr><td>Udko z kaczki, kluski, buraczki<\/td><td>49 z\u0142<\/td><\/tr><tr><td><br><\/td><td><br><\/td><\/tr><tr><td>Placek po w\u0119giersku<\/td><td>36 z\u0142<\/td><\/tr><tr><td>Placki  z sosem grzybowym<\/td><td>25 z\u0142<\/td><\/tr><tr><td>Placki ziemniaczane z jogurtem<\/td><td>20 z\u0142<\/td><\/tr><tr><td>Makaron w sosie greckim<\/td><td>29 z\u0142<\/td><\/tr><tr><td>Sa\u0142atka z kurczakiem lub grecka<\/td><td>30 z\u0142<\/td><\/tr><tr><td>Camembert z \u017curawin\u0105 ,frytki, zestaw sur\u00f3wek<\/td><td>33 z\u0142<\/td><\/tr><tr><td><br><\/td><td><br><\/td><\/tr><tr><td>Ry\u017c orientalny z warzywami ,pestki dyni i s\u0142onecznika<\/td><td>31 z\u0142<\/td><\/tr><tr><td><br>Sandacz , frytki, zestaw sur\u00f3wek<br>\u0141oso\u015b, ziemniaki pieczone, warzywa z wody<\/td><td><br>49 z\u0142<br>48 z\u0142<\/td><\/tr><\/tbody><\/table><\/figure>\n\n\n\n<figure class=\"wp-block-table\"><table><tbody><tr><td><br><strong>DESERY<\/strong><\/td><td><\/td><\/tr><tr><td>Kawa mro\u017cona<\/td><td>19 z\u0142<\/td><\/tr><tr><td>Brownie z bit\u0105 \u015bmietan\u0105 i owocami<\/td><td>17 z\u0142<\/td><\/tr><tr><td>Mini deserki <\/td><td>11 z\u0142<\/td><\/tr><tr><td>Puchar lodowy z owocami (3ga\u0142ki)<\/td><td>26 z\u0142<\/td><\/tr><tr><td><\/td><td><\/td><\/tr><tr><td>       <\/td><td><\/td><\/tr><tr><td><\/td><td><\/td><\/tr><\/tbody><\/table><\/figure>\n\n\n<p style=\"text-align: left;\"><span style=\"color: #999999;\"><em><strong><br \/>Alergeny wyst\u0119puj\u0105ce w daniach:<\/strong> <\/em><\/span><br \/><span style=\"color: #999999;\"><em>gluten, seler, mleko i produkty pochodne, jajka, gorczyca, laktoza, soja, orzechy, migda\u0142y, nasiona sezamu, ryby, skorupiaki, \u0142ubin.<\/em><\/span><\/p>\n\n","protected":false},"excerpt":{"rendered":"<p>ZAK\u0104SKI \u015aled\u017a w \u015bmietanie 18 z\u0142 \u015aled\u017a w oleju 18 z\u0142 Patera zak\u0105skowa:sery, pieczenie, pasztet, w\u0119dliny, dodatki jarzynowe 42 z\u0142 Carpaccio z \u0142ososia 30 z\u0142 Befsztyk tatarski z dodatkami 30 z\u0142 \u015aliwka w boczku w sosie musztardowo-miodowym 20 z\u0142 Sandacz na miksie z sa\u0142at z sosem cytrynowym 30 z\u0142 ZUPY Ros\u00f3\u0142 z makaronem 11 z\u0142 &hellip; <\/p>\n<p class=\"link-more\"><a href=\"https:\/\/basztowa.rybnik.pl\/index.php\/karta-menu\/\" class=\"more-link\">Czytaj dalej<span class=\"screen-reader-text\"> Karta Da\u0144<\/span><\/a><\/p>\n","protected":false},"author":1,"featured_media":0,"parent":0,"menu_order":0,"comment_status":"closed","ping_status":"closed","template":"","meta":{"footnotes":""},"class_list":["post-87","page","type-page","status-publish","hentry"],"_links":{"self":[{"href":"https:\/\/basztowa.rybnik.pl\/index.php\/wp-json\/wp\/v2\/pages\/87","targetHints":{"allow":["GET"]}}],"collection":[{"href":"https:\/\/basztowa.rybnik.pl\/index.php\/wp-json\/wp\/v2\/pages"}],"about":[{"href":"https:\/\/basztowa.rybnik.pl\/index.php\/wp-json\/wp\/v2\/types\/page"}],"author":[{"embeddable":true,"href":"https:\/\/basztowa.rybnik.pl\/index.php\/wp-json\/wp\/v2\/users\/1"}],"replies":[{"embeddable":true,"href":"https:\/\/basztowa.rybnik.pl\/index.php\/wp-json\/wp\/v2\/comments?post=87"}],"version-history":[{"count":52,"href":"https:\/\/basztowa.rybnik.pl\/index.php\/wp-json\/wp\/v2\/pages\/87\/revisions"}],"predecessor-version":[{"id":2310,"href":"https:\/\/basztowa.rybnik.pl\/index.php\/wp-json\/wp\/v2\/pages\/87\/revisions\/2310"}],"wp:attachment":[{"href":"https:\/\/basztowa.rybnik.pl\/index.php\/wp-json\/wp\/v2\/media?parent=87"}],"curies":[{"name":"wp","href":"https:\/\/api.w.org\/{rel}","templated":true}]}}