{"id":12,"date":"2020-09-06T20:19:27","date_gmt":"2020-09-06T18:19:27","guid":{"rendered":"http:\/\/basztowa.rybnik.pl\/?page_id=12"},"modified":"2022-10-26T19:28:05","modified_gmt":"2022-10-26T17:28:05","slug":"sekcja-strony-glownej","status":"publish","type":"page","link":"https:\/\/basztowa.rybnik.pl\/index.php\/sekcja-strony-glownej\/","title":{"rendered":""},"content":{"rendered":"<div class=\"entry-content\">\n<div class=\"entry-content\">\n<p>Restauracja Basztowa mie\u015bci si\u0119 w zacisznej i malowniczo zielonej&nbsp; cz\u0119\u015bci Rybnika, gdzie mo\u017cna odetchn\u0105\u0107 od codziennego zgie\u0142ku, niedaleko od centrum miasta.<\/p>\n<p>Klimatyzowana sala restauracyjna z barkiem mie\u015bci oko\u0142o 40 os\u00f3b, oferuje mo\u017cliwo\u015b\u0107 zam\u00f3wienia posi\u0142k\u00f3w z bogatego menu, a tak\u017ce organizacj\u0119 przyj\u0119\u0107 okoliczno\u015bciowych, takich jak biznes lunch, imprezy firmowe, konferencje tematyczne czy spotkania rodzinne oraz stypy.<\/p>\n<\/div>\n<\/div>\n","protected":false},"excerpt":{"rendered":"<p>Restauracja Basztowa mie\u015bci si\u0119 w zacisznej i malowniczo zielonej&nbsp; cz\u0119\u015bci Rybnika, gdzie mo\u017cna odetchn\u0105\u0107 od codziennego zgie\u0142ku, niedaleko od centrum miasta. Klimatyzowana sala restauracyjna z barkiem mie\u015bci oko\u0142o 40 os\u00f3b, oferuje mo\u017cliwo\u015b\u0107 zam\u00f3wienia posi\u0142k\u00f3w z bogatego menu, a tak\u017ce organizacj\u0119 przyj\u0119\u0107 okoliczno\u015bciowych, takich jak biznes lunch, imprezy firmowe, konferencje tematyczne czy spotkania rodzinne oraz stypy.<\/p>\n","protected":false},"author":1,"featured_media":80,"parent":0,"menu_order":0,"comment_status":"closed","ping_status":"closed","template":"","meta":{"footnotes":""},"class_list":["post-12","page","type-page","status-publish","has-post-thumbnail","hentry"],"_links":{"self":[{"href":"https:\/\/basztowa.rybnik.pl\/index.php\/wp-json\/wp\/v2\/pages\/12","targetHints":{"allow":["GET"]}}],"collection":[{"href":"https:\/\/basztowa.rybnik.pl\/index.php\/wp-json\/wp\/v2\/pages"}],"about":[{"href":"https:\/\/basztowa.rybnik.pl\/index.php\/wp-json\/wp\/v2\/types\/page"}],"author":[{"embeddable":true,"href":"https:\/\/basztowa.rybnik.pl\/index.php\/wp-json\/wp\/v2\/users\/1"}],"replies":[{"embeddable":true,"href":"https:\/\/basztowa.rybnik.pl\/index.php\/wp-json\/wp\/v2\/comments?post=12"}],"version-history":[{"count":5,"href":"https:\/\/basztowa.rybnik.pl\/index.php\/wp-json\/wp\/v2\/pages\/12\/revisions"}],"predecessor-version":[{"id":1358,"href":"https:\/\/basztowa.rybnik.pl\/index.php\/wp-json\/wp\/v2\/pages\/12\/revisions\/1358"}],"wp:featuredmedia":[{"embeddable":true,"href":"https:\/\/basztowa.rybnik.pl\/index.php\/wp-json\/wp\/v2\/media\/80"}],"wp:attachment":[{"href":"https:\/\/basztowa.rybnik.pl\/index.php\/wp-json\/wp\/v2\/media?parent=12"}],"curies":[{"name":"wp","href":"https:\/\/api.w.org\/{rel}","templated":true}]}}